{"id":2,"date":"2025-01-01T17:48:22","date_gmt":"2025-01-01T16:48:22","guid":{"rendered":"http:\/\/professionaloffice.pl\/?page_id=2"},"modified":"2025-01-01T18:30:24","modified_gmt":"2025-01-01T17:30:24","slug":"przykladowa-strona","status":"publish","type":"page","link":"https:\/\/professionaloffice.pl\/","title":{"rendered":"O Nas"},"content":{"rendered":"\t\t<div data-elementor-type=\"wp-page\" data-elementor-id=\"2\" class=\"elementor elementor-2\" data-elementor-post-type=\"page\">\n\t\t\t\t<div class=\"elementor-element elementor-element-64ad0d8d e-flex e-con-boxed e-con e-parent\" data-id=\"64ad0d8d\" data-element_type=\"container\" data-e-type=\"container\">\n\t\t\t\t\t<div class=\"e-con-inner\">\n\t\t\t\t<div class=\"elementor-element elementor-element-4e495859 elementor-widget elementor-widget-text-editor\" data-id=\"4e495859\" data-element_type=\"widget\" data-e-type=\"widget\" data-widget_type=\"text-editor.default\">\n\t\t\t\t<div class=\"elementor-widget-container\">\n\t\t\t\t\t\t\t\t\t<p><\/p>\n<p class=\"MsoNormal\" align=\"center\" style=\"font-style: normal; font-variant-ligatures: normal; font-variant-caps: normal; font-weight: 400; font-size: 18px; font-family: Roboto, sans-serif; text-indent: 0px; text-align: center;\"><span style=\"font-size: 14pt; line-height: 21.4667px;\">Witamy w Professional Office \u2013 Twoim kompleksowym partnerze w zaopatrzeniu biura.<\/span><\/p><p class=\"MsoNormal\" style=\"font-style: normal; font-variant-ligatures: normal; font-variant-caps: normal; font-weight: 400; font-size: 18px; font-family: Roboto, sans-serif; text-indent: 0px;\">Oferujemy szeroki asortyment artyku\u0142\u00f3w biurowych, spo\u017cywczych, chemicznych, i innych\u2026 dostarczaj\u0105c wszystko, czego potrzebuje nowoczesne biuro w jednym miejscu. &nbsp;Nasz\u0105 misj\u0105 jest zapewnienie firmom i instytucjom dost\u0119pu do wysokiej jako\u015bci produkt\u00f3w w konkurencyjnych cenach, dbaj\u0105c jednocze\u015bnie o sprawn\u0105 i profesjonaln\u0105 obs\u0142ug\u0119.<\/p><p class=\"MsoNormal\" style=\"font-style: normal; font-variant-ligatures: normal; font-variant-caps: normal; font-weight: 400; font-size: 18px; font-family: Roboto, sans-serif; text-indent: 0px;\">Professional Office&nbsp;powsta\u0142o z my\u015bl\u0105 o stworzeniu miejsca, w kt\u00f3rym firmy mog\u0142yby kompleksowo zaopatrywa\u0107 swoje biura, oszcz\u0119dzaj\u0105c czas i pieni\u0105dze. Od pocz\u0105tku dzia\u0142alno\u015bci stawiamy na budowanie d\u0142ugotrwa\u0142ych relacji z klientami, oferuj\u0105c im nie tylko szeroki wyb\u00f3r produkt\u00f3w, ale r\u00f3wnie\u017c fachowe doradztwo i wsparcie.<\/p><p class=\"MsoNormal\" style=\"font-style: normal; font-variant-ligatures: normal; font-variant-caps: normal; font-weight: 400; font-size: 18px; font-family: Roboto, sans-serif; text-indent: 0px;\">Nasz\u0105 misj\u0105 jest bycie niezawodnym partnerem dla firm, dostarczaj\u0105cym im kompleksowe rozwi\u0105zania w zakresie zaopatrzenia biurowego.<\/p><p class=\"MsoNormal\" style=\"font-style: normal; font-variant-ligatures: normal; font-variant-caps: normal; font-weight: 400; font-size: 18px; font-family: Roboto, sans-serif; text-indent: 0px;\"><i>Zach\u0119camy do kontaktu z nami w celu uzyskania szczeg\u00f3\u0142owych informacji o naszej ofercie. Jeste\u015bmy gotowi odpowiedzie\u0107 na wszystkie Pa\u0144stwa pytania i pom\u00f3c w wyborze najlepszych rozwi\u0105za\u0144 dla Pa\u0144stwa firmy.<\/i><\/p>\n<p><\/p>\t\t\t\t\t\t\t\t<\/div>\n\t\t\t\t<\/div>\n\t\t\t\t\t<\/div>\n\t\t\t\t<\/div>\n\t\t\t\t<\/div>\n\t\t","protected":false},"excerpt":{"rendered":"<p>Witamy w Professional Office \u2013 Twoim kompleksowym partnerze w zaopatrzeniu biura. Oferujemy szeroki asortyment artyku\u0142\u00f3w biurowych, spo\u017cywczych, chemicznych, i innych\u2026 &hellip;<\/p>\n","protected":false},"author":1,"featured_media":0,"parent":0,"menu_order":0,"comment_status":"closed","ping_status":"open","template":"","meta":{"footnotes":""},"class_list":["post-2","page","type-page","status-publish","hentry"],"jetpack_sharing_enabled":true,"_links":{"self":[{"href":"https:\/\/professionaloffice.pl\/index.php?rest_route=\/wp\/v2\/pages\/2","targetHints":{"allow":["GET"]}}],"collection":[{"href":"https:\/\/professionaloffice.pl\/index.php?rest_route=\/wp\/v2\/pages"}],"about":[{"href":"https:\/\/professionaloffice.pl\/index.php?rest_route=\/wp\/v2\/types\/page"}],"author":[{"embeddable":true,"href":"https:\/\/professionaloffice.pl\/index.php?rest_route=\/wp\/v2\/users\/1"}],"replies":[{"embeddable":true,"href":"https:\/\/professionaloffice.pl\/index.php?rest_route=%2Fwp%2Fv2%2Fcomments&post=2"}],"version-history":[{"count":7,"href":"https:\/\/professionaloffice.pl\/index.php?rest_route=\/wp\/v2\/pages\/2\/revisions"}],"predecessor-version":[{"id":58,"href":"https:\/\/professionaloffice.pl\/index.php?rest_route=\/wp\/v2\/pages\/2\/revisions\/58"}],"wp:attachment":[{"href":"https:\/\/professionaloffice.pl\/index.php?rest_route=%2Fwp%2Fv2%2Fmedia&parent=2"}],"curies":[{"name":"wp","href":"https:\/\/api.w.org\/{rel}","templated":true}]}}